{"id":1188,"date":"2024-10-24T13:03:37","date_gmt":"2024-10-24T11:03:37","guid":{"rendered":"https:\/\/vedim.net\/contact"},"modified":"2026-03-25T16:24:59","modified_gmt":"2026-03-25T15:24:59","slug":"contact","status":"publish","type":"page","link":"https:\/\/vedim.net\/en\/contact","title":{"rendered":"Contact"},"content":{"rendered":"\t\t<div data-elementor-type=\"wp-page\" data-elementor-id=\"1188\" class=\"elementor elementor-1188 elementor-259\" data-elementor-post-type=\"page\">\n\t\t\t\t<div class=\"elementor-element elementor-element-31463d8c e-flex e-con-boxed e-con e-parent\" data-id=\"31463d8c\" data-element_type=\"container\" data-e-type=\"container\" data-settings=\"{&quot;background_background&quot;:&quot;classic&quot;}\">\n\t\t\t\t\t<div class=\"e-con-inner\">\n\t\t<div class=\"elementor-element elementor-element-4e7f0d6f e-con-full e-flex elementor-invisible e-con e-child\" data-id=\"4e7f0d6f\" data-element_type=\"container\" data-e-type=\"container\" data-settings=\"{&quot;animation&quot;:&quot;fadeIn&quot;}\">\n\t\t\t\t<div class=\"elementor-element elementor-element-5d14f5ce elementor-widget__width-inherit elementor-invisible elementor-widget elementor-widget-heading\" data-id=\"5d14f5ce\" data-element_type=\"widget\" data-e-type=\"widget\" data-settings=\"{&quot;_animation&quot;:&quot;fadeInUp&quot;}\" data-widget_type=\"heading.default\">\n\t\t\t\t\t<h1 class=\"elementor-heading-title elementor-size-default\">Contact VEDIM Leader in Veterinary Teleradiology<\/h1>\t\t\t\t<\/div>\n\t\t\t\t<div class=\"elementor-element elementor-element-33a4c3b elementor-widget__width-inherit elementor-invisible elementor-widget elementor-widget-heading\" data-id=\"33a4c3b\" data-element_type=\"widget\" data-e-type=\"widget\" data-settings=\"{&quot;_animation&quot;:&quot;fadeIn&quot;,&quot;_animation_delay&quot;:150}\" data-widget_type=\"heading.default\">\n\t\t\t\t\t<h2 class=\"elementor-heading-title elementor-size-default\">Contact VEDIM today!<\/h2>\t\t\t\t<\/div>\n\t\t\t\t<div class=\"elementor-element elementor-element-f6792ec elementor-widget__width-initial elementor-widget-tablet__width-inherit elementor-widget elementor-widget-text-editor\" data-id=\"f6792ec\" data-element_type=\"widget\" data-e-type=\"widget\" data-widget_type=\"text-editor.default\">\n\t\t\t\t\t\t\t\t\t<p class=\"p1\">Do you have any questions about our <strong><a href=\"https:\/\/vedim.net\/en\/teleradiology\">teleradiology services<\/a><\/strong> services, need specific information or would like to find out more about our <a href=\"https:\/\/vedim.net\/en\/professional-area\"><b>VETFLOW<\/b><\/a> ? Our team <strong><a href=\"https:\/\/vedim.net\/en\/\">VEDIM TEAM<\/a><\/strong> team is ready to help you.<\/p>\t\t\t\t\t\t\t\t<\/div>\n\t\t\t\t<\/div>\n\t\t<div class=\"elementor-element elementor-element-390080e7 e-con-full e-flex elementor-invisible e-con e-child\" data-id=\"390080e7\" data-element_type=\"container\" data-e-type=\"container\" data-settings=\"{&quot;animation&quot;:&quot;fadeInUp&quot;,&quot;animation_delay&quot;:300}\">\n\t\t\t\t<div class=\"elementor-element elementor-element-3981539 elementor-button-align-start elementor-widget elementor-widget-form\" data-id=\"3981539\" data-element_type=\"widget\" data-e-type=\"widget\" data-settings=\"{&quot;step_next_label&quot;:&quot;Next&quot;,&quot;step_previous_label&quot;:&quot;Previous&quot;,&quot;button_width&quot;:&quot;50&quot;,&quot;button_width_tablet&quot;:&quot;33&quot;,&quot;step_type&quot;:&quot;number_text&quot;,&quot;step_icon_shape&quot;:&quot;circle&quot;}\" data-widget_type=\"form.default\">\n\t\t\t\t\t\t\t<form class=\"elementor-form\" method=\"post\" name=\"Form\" aria-label=\"Form\">\n\t\t\t<input type=\"hidden\" name=\"post_id\" value=\"1188\"\/>\n\t\t\t<input type=\"hidden\" name=\"form_id\" value=\"3981539\"\/>\n\t\t\t<input type=\"hidden\" name=\"referer_title\" value=\"Contact VEDIM - International Veterinary Teleradiology\" \/>\n\n\t\t\t\t\t\t\t<input type=\"hidden\" name=\"queried_id\" value=\"1188\"\/>\n\t\t\t\n\t\t\t<div class=\"elementor-form-fields-wrapper elementor-labels-above\">\n\t\t\t\t\t\t\t\t<div class=\"elementor-field-type-text elementor-field-group elementor-column elementor-field-group-name elementor-col-50 elementor-field-required elementor-mark-required\">\n\t\t\t\t\t\t\t\t\t\t\t\t<label for=\"form-field-name\" class=\"elementor-field-label\">\n\t\t\t\t\t\t\t\tSurname\/First name\t\t\t\t\t\t\t<\/label>\n\t\t\t\t\t\t\t\t\t\t\t\t\t\t<input size=\"1\" type=\"text\" name=\"form_fields[name]\" id=\"form-field-name\" class=\"elementor-field elementor-size-md  elementor-field-textual\" placeholder=\"John Doe\" required=\"required\">\n\t\t\t\t\t\t\t\t\t\t\t<\/div>\n\t\t\t\t\t\t\t\t<div class=\"elementor-field-type-email elementor-field-group elementor-column elementor-field-group-email elementor-col-50 elementor-field-required elementor-mark-required\">\n\t\t\t\t\t\t\t\t\t\t\t\t<label for=\"form-field-email\" class=\"elementor-field-label\">\n\t\t\t\t\t\t\t\tE-mail\t\t\t\t\t\t\t<\/label>\n\t\t\t\t\t\t\t\t\t\t\t\t\t\t<input size=\"1\" type=\"email\" name=\"form_fields[email]\" id=\"form-field-email\" class=\"elementor-field elementor-size-md  elementor-field-textual\" placeholder=\"hello@vedim.com\" required=\"required\">\n\t\t\t\t\t\t\t\t\t\t\t<\/div>\n\t\t\t\t\t\t\t\t<div class=\"elementor-field-type-tel elementor-field-group elementor-column elementor-field-group-field_9f649f5 elementor-col-50 elementor-field-required elementor-mark-required\">\n\t\t\t\t\t\t\t\t\t\t\t\t<label for=\"form-field-field_9f649f5\" class=\"elementor-field-label\">\n\t\t\t\t\t\t\t\tPhone\t\t\t\t\t\t\t<\/label>\n\t\t\t\t\t\t\t\t<input size=\"1\" type=\"tel\" name=\"form_fields[field_9f649f5]\" id=\"form-field-field_9f649f5\" class=\"elementor-field elementor-size-md  elementor-field-textual\" placeholder=\"+1 373 3783\" required=\"required\" pattern=\"[0-9()#&amp;+*-=.]+\" title=\"Only numbers and phone characters (#, -, *, etc) are accepted.\">\n\n\t\t\t\t\t\t<\/div>\n\t\t\t\t\t\t\t\t<div class=\"elementor-field-type-text elementor-field-group elementor-column elementor-field-group-field_e13e877 elementor-col-50 elementor-field-required elementor-mark-required\">\n\t\t\t\t\t\t\t\t\t\t\t\t<label for=\"form-field-field_e13e877\" class=\"elementor-field-label\">\n\t\t\t\t\t\t\t\tCompany &amp; Function\t\t\t\t\t\t\t<\/label>\n\t\t\t\t\t\t\t\t\t\t\t\t\t\t<input size=\"1\" type=\"text\" name=\"form_fields[field_e13e877]\" id=\"form-field-field_e13e877\" class=\"elementor-field elementor-size-md  elementor-field-textual\" placeholder=\"Company &amp; Function\" required=\"required\">\n\t\t\t\t\t\t\t\t\t\t\t<\/div>\n\t\t\t\t\t\t\t\t<div class=\"elementor-field-type-text elementor-field-group elementor-column elementor-field-group-field_424442d elementor-col-100 elementor-field-required elementor-mark-required\">\n\t\t\t\t\t\t\t\t\t\t\t\t<label for=\"form-field-field_424442d\" class=\"elementor-field-label\">\n\t\t\t\t\t\t\t\tObject\t\t\t\t\t\t\t<\/label>\n\t\t\t\t\t\t\t\t\t\t\t\t\t\t<input size=\"1\" type=\"text\" name=\"form_fields[field_424442d]\" id=\"form-field-field_424442d\" class=\"elementor-field elementor-size-md  elementor-field-textual\" placeholder=\"Object\" required=\"required\">\n\t\t\t\t\t\t\t\t\t\t\t<\/div>\n\t\t\t\t\t\t\t\t<div class=\"elementor-field-type-textarea elementor-field-group elementor-column elementor-field-group-message elementor-col-100 elementor-field-required elementor-mark-required\">\n\t\t\t\t\t\t\t\t\t\t\t\t<label for=\"form-field-message\" class=\"elementor-field-label\">\n\t\t\t\t\t\t\t\tMessage\t\t\t\t\t\t\t<\/label>\n\t\t\t\t\t\t<textarea class=\"elementor-field-textual elementor-field  elementor-size-md\" name=\"form_fields[message]\" id=\"form-field-message\" rows=\"4\" placeholder=\"Your message\" required=\"required\"><\/textarea>\t\t\t\t<\/div>\n\t\t\t\t\t\t\t\t<div class=\"elementor-field-type-text\">\n\t\t\t\t\t<input size=\"1\" type=\"text\" name=\"form_fields[field_5aeeb7c]\" id=\"form-field-field_5aeeb7c\" class=\"elementor-field elementor-size-md \" style=\"display:none !important;\">\t\t\t\t<\/div>\n\t\t\t\t\t\t\t\t<div class=\"elementor-field-type-recaptcha_v3 elementor-field-group elementor-column elementor-field-group-field_a97c65f elementor-col-100 recaptcha_v3-bottomright\">\n\t\t\t\t\t<div class=\"elementor-field\" id=\"form-field-field_a97c65f\"><div class=\"elementor-g-recaptcha\" data-sitekey=\"6Les5o0qAAAAAPhY8AuqZzkgdXGn5sZ1LypDQXln\" data-type=\"v3\" data-action=\"Form\" data-badge=\"bottomright\" data-size=\"invisible\"><\/div><\/div>\t\t\t\t<\/div>\n\t\t\t\t\t\t\t\t<div class=\"elementor-field-group elementor-column elementor-field-type-submit elementor-col-50 e-form__buttons elementor-md-33\">\n\t\t\t\t\t<button class=\"elementor-button elementor-size-md\" type=\"submit\">\n\t\t\t\t\t\t<span class=\"elementor-button-content-wrapper\">\n\t\t\t\t\t\t\t\t\t\t\t\t\t\t\t\t\t\t\t\t\t\t<span class=\"elementor-button-text\">Send<\/span>\n\t\t\t\t\t\t\t\t\t\t\t\t\t<\/span>\n\t\t\t\t\t<\/button>\n\t\t\t\t<\/div>\n\t\t\t<\/div>\n\t\t<\/form>\n\t\t\t\t\t\t<\/div>\n\t\t\t\t<\/div>\n\t\t<div class=\"elementor-element elementor-element-3c366bf7 e-con-full e-flex e-con e-child\" data-id=\"3c366bf7\" data-element_type=\"container\" data-e-type=\"container\" data-settings=\"{&quot;background_background&quot;:&quot;classic&quot;}\">\n\t\t\t\t<div class=\"elementor-element elementor-element-f8d4458 elementor-widget elementor-widget-heading\" data-id=\"f8d4458\" data-element_type=\"widget\" data-e-type=\"widget\" data-widget_type=\"heading.default\">\n\t\t\t\t\t<h3 class=\"elementor-heading-title elementor-size-default\">Our contact details:<\/h3>\t\t\t\t<\/div>\n\t\t\t\t<div class=\"elementor-element elementor-element-5379ea0 elementor-position-inline-start elementor-tablet-position-block-start elementor-view-default elementor-mobile-position-block-start elementor-widget elementor-widget-icon-box\" data-id=\"5379ea0\" data-element_type=\"widget\" data-e-type=\"widget\" data-widget_type=\"icon-box.default\">\n\t\t\t\t\t\t\t<div class=\"elementor-icon-box-wrapper\">\n\n\t\t\t\t\t\t<div class=\"elementor-icon-box-icon\">\n\t\t\t\t<span  class=\"elementor-icon\">\n\t\t\t\t<svg aria-hidden=\"true\" class=\"e-font-icon-svg e-far-clock\" viewBox=\"0 0 512 512\" xmlns=\"http:\/\/www.w3.org\/2000\/svg\"><path d=\"M256 8C119 8 8 119 8 256s111 248 248 248 248-111 248-248S393 8 256 8zm0 448c-110.5 0-200-89.5-200-200S145.5 56 256 56s200 89.5 200 200-89.5 200-200 200zm61.8-104.4l-84.9-61.7c-3.1-2.3-4.9-5.9-4.9-9.7V116c0-6.6 5.4-12 12-12h32c6.6 0 12 5.4 12 12v141.7l66.8 48.6c5.4 3.9 6.5 11.4 2.6 16.8L334.6 349c-3.9 5.3-11.4 6.5-16.8 2.6z\"><\/path><\/svg>\t\t\t\t<\/span>\n\t\t\t<\/div>\n\t\t\t\n\t\t\t\t\t\t<div class=\"elementor-icon-box-content\">\n\n\t\t\t\t\t\t\t\t\t<h4 class=\"elementor-icon-box-title\">\n\t\t\t\t\t\t<span  >\n\t\t\t\t\t\t\tOpening hours\t\t\t\t\t\t<\/span>\n\t\t\t\t\t<\/h4>\n\t\t\t\t\n\t\t\t\t\t\t\t\t\t<p class=\"elementor-icon-box-description\">\n\t\t\t\t\t\tOpen Monday to Friday, 9 a.m. to 6 p.m.\t\t\t\t\t<\/p>\n\t\t\t\t\n\t\t\t<\/div>\n\t\t\t\n\t\t<\/div>\n\t\t\t\t\t\t<\/div>\n\t\t\t\t<div class=\"elementor-element elementor-element-533578d elementor-position-inline-start elementor-tablet-position-block-start elementor-view-default elementor-mobile-position-block-start elementor-widget elementor-widget-icon-box\" data-id=\"533578d\" data-element_type=\"widget\" data-e-type=\"widget\" data-widget_type=\"icon-box.default\">\n\t\t\t\t\t\t\t<div class=\"elementor-icon-box-wrapper\">\n\n\t\t\t\t\t\t<div class=\"elementor-icon-box-icon\">\n\t\t\t\t<a href=\"mailto:contact@vedim.lu\" class=\"elementor-icon\" tabindex=\"-1\" aria-label=\"Mail\">\n\t\t\t\t<svg aria-hidden=\"true\" class=\"e-font-icon-svg e-fas-envelope\" viewBox=\"0 0 512 512\" xmlns=\"http:\/\/www.w3.org\/2000\/svg\"><path d=\"M502.3 190.8c3.9-3.1 9.7-.2 9.7 4.7V400c0 26.5-21.5 48-48 48H48c-26.5 0-48-21.5-48-48V195.6c0-5 5.7-7.8 9.7-4.7 22.4 17.4 52.1 39.5 154.1 113.6 21.1 15.4 56.7 47.8 92.2 47.6 35.7.3 72-32.8 92.3-47.6 102-74.1 131.6-96.3 154-113.7zM256 320c23.2.4 56.6-29.2 73.4-41.4 132.7-96.3 142.8-104.7 173.4-128.7 5.8-4.5 9.2-11.5 9.2-18.9v-19c0-26.5-21.5-48-48-48H48C21.5 64 0 85.5 0 112v19c0 7.4 3.4 14.3 9.2 18.9 30.6 23.9 40.7 32.4 173.4 128.7 16.8 12.2 50.2 41.8 73.4 41.4z\"><\/path><\/svg>\t\t\t\t<\/a>\n\t\t\t<\/div>\n\t\t\t\n\t\t\t\t\t\t<div class=\"elementor-icon-box-content\">\n\n\t\t\t\t\t\t\t\t\t<h4 class=\"elementor-icon-box-title\">\n\t\t\t\t\t\t<a href=\"mailto:contact@vedim.lu\" >\n\t\t\t\t\t\t\tMail\t\t\t\t\t\t<\/a>\n\t\t\t\t\t<\/h4>\n\t\t\t\t\n\t\t\t\t\t\t\t\t\t<p class=\"elementor-icon-box-description\">\n\t\t\t\t\t\tcontact@vedim.lu\t\t\t\t\t<\/p>\n\t\t\t\t\n\t\t\t<\/div>\n\t\t\t\n\t\t<\/div>\n\t\t\t\t\t\t<\/div>\n\t\t\t\t<div class=\"elementor-element elementor-element-f59e444 elementor-widget elementor-widget-image\" data-id=\"f59e444\" data-element_type=\"widget\" data-e-type=\"widget\" data-widget_type=\"image.default\">\n\t\t\t\t\t\t\t\t\t\t\t\t\t\t\t<img fetchpriority=\"high\" decoding=\"async\" width=\"1728\" height=\"770\" src=\"https:\/\/vedim.net\/wp-content\/uploads\/2024\/10\/Capture-decran-2024-10-25-a-10.20.05.jpg\" class=\"attachment-full size-full wp-image-1176\" alt=\"T\u00e9l\u00e9radiologie v\u00e9t\u00e9rinaire\" srcset=\"https:\/\/vedim.net\/wp-content\/uploads\/2024\/10\/Capture-decran-2024-10-25-a-10.20.05.jpg 1728w, https:\/\/vedim.net\/wp-content\/uploads\/2024\/10\/Capture-decran-2024-10-25-a-10.20.05-300x134.jpg 300w, https:\/\/vedim.net\/wp-content\/uploads\/2024\/10\/Capture-decran-2024-10-25-a-10.20.05-1024x456.jpg 1024w, https:\/\/vedim.net\/wp-content\/uploads\/2024\/10\/Capture-decran-2024-10-25-a-10.20.05-768x342.jpg 768w, https:\/\/vedim.net\/wp-content\/uploads\/2024\/10\/Capture-decran-2024-10-25-a-10.20.05-1536x684.jpg 1536w\" sizes=\"(max-width: 1728px) 100vw, 1728px\" \/>\t\t\t\t\t\t\t\t\t\t\t\t\t\t\t<\/div>\n\t\t\t\t<\/div>\n\t\t\t\t\t<\/div>\n\t\t\t\t<\/div>\n\t\t\t\t<\/div>\n\t\t","protected":false},"excerpt":{"rendered":"<p>Contact VEDIM Leader in Veterinary Teleradiology Contact VEDIM today! Do you have any questions about our teleradiology services services, need specific information or would like to find out more about our VETFLOW ? Our team VEDIM TEAM team is ready to help you. Our contact details: Opening hours Open Monday to Friday, 9 a.m. to [&hellip;]<\/p>\n","protected":false},"author":1,"featured_media":1148,"parent":0,"menu_order":0,"comment_status":"closed","ping_status":"closed","template":"","meta":{"footnotes":""},"class_list":["post-1188","page","type-page","status-publish","has-post-thumbnail","hentry"],"yoast_head":"<!-- This site is optimized with the Yoast SEO plugin v27.3 - https:\/\/yoast.com\/product\/yoast-seo-wordpress\/ -->\n<title>Contact VEDIM - International Veterinary Teleradiology<\/title>\n<meta name=\"description\" content=\"Contact VEDIM for veterinary teleradiology services. Fast, reliable expertise in X-rays, scans... for veterinarians.\" \/>\n<meta name=\"robots\" content=\"index, follow, max-snippet:-1, max-image-preview:large, max-video-preview:-1\" \/>\n<link rel=\"canonical\" href=\"https:\/\/vedim.net\/en\/contact\" \/>\n<meta property=\"og:locale\" content=\"en_US\" \/>\n<meta property=\"og:type\" content=\"article\" \/>\n<meta property=\"og:title\" content=\"Contact VEDIM - International Veterinary Teleradiology\" \/>\n<meta property=\"og:description\" content=\"Contact VEDIM for veterinary teleradiology services. Fast, reliable expertise in X-rays, scans... for veterinarians.\" \/>\n<meta property=\"og:url\" content=\"https:\/\/vedim.net\/en\/contact\" \/>\n<meta property=\"og:site_name\" content=\"VEDIM\" \/>\n<meta property=\"article:modified_time\" content=\"2026-03-25T15:24:59+00:00\" \/>\n<meta property=\"og:image\" content=\"https:\/\/vedim.net\/wp-content\/uploads\/2024\/10\/1707240895899.jpeg\" \/>\n\t<meta property=\"og:image:width\" content=\"870\" \/>\n\t<meta property=\"og:image:height\" content=\"1546\" \/>\n\t<meta property=\"og:image:type\" content=\"image\/jpeg\" \/>\n<meta name=\"twitter:card\" content=\"summary_large_image\" \/>\n<script type=\"application\/ld+json\" class=\"yoast-schema-graph\">{\"@context\":\"https:\\\/\\\/schema.org\",\"@graph\":[{\"@type\":\"WebPage\",\"@id\":\"https:\\\/\\\/vedim.net\\\/en\\\/contact\",\"url\":\"https:\\\/\\\/vedim.net\\\/en\\\/contact\",\"name\":\"Contact VEDIM - International Veterinary Teleradiology\",\"isPartOf\":{\"@id\":\"https:\\\/\\\/vedim.net\\\/en#website\"},\"primaryImageOfPage\":{\"@id\":\"https:\\\/\\\/vedim.net\\\/en\\\/contact#primaryimage\"},\"image\":{\"@id\":\"https:\\\/\\\/vedim.net\\\/en\\\/contact#primaryimage\"},\"thumbnailUrl\":\"https:\\\/\\\/vedim.net\\\/wp-content\\\/uploads\\\/2024\\\/10\\\/1707240895899.jpeg\",\"datePublished\":\"2024-10-24T11:03:37+00:00\",\"dateModified\":\"2026-03-25T15:24:59+00:00\",\"description\":\"Contact VEDIM for veterinary teleradiology services. Fast, reliable expertise in X-rays, scans... for veterinarians.\",\"breadcrumb\":{\"@id\":\"https:\\\/\\\/vedim.net\\\/en\\\/contact#breadcrumb\"},\"inLanguage\":\"en-US\",\"potentialAction\":[{\"@type\":\"ReadAction\",\"target\":[\"https:\\\/\\\/vedim.net\\\/en\\\/contact\"]}]},{\"@type\":\"ImageObject\",\"inLanguage\":\"en-US\",\"@id\":\"https:\\\/\\\/vedim.net\\\/en\\\/contact#primaryimage\",\"url\":\"https:\\\/\\\/vedim.net\\\/wp-content\\\/uploads\\\/2024\\\/10\\\/1707240895899.jpeg\",\"contentUrl\":\"https:\\\/\\\/vedim.net\\\/wp-content\\\/uploads\\\/2024\\\/10\\\/1707240895899.jpeg\",\"width\":870,\"height\":1546,\"caption\":\"L'\u00e9quipe VEDIM - t\u00e9l\u00e9radiologie v\u00e9t\u00e9rinaire\"},{\"@type\":\"BreadcrumbList\",\"@id\":\"https:\\\/\\\/vedim.net\\\/en\\\/contact#breadcrumb\",\"itemListElement\":[{\"@type\":\"ListItem\",\"position\":1,\"name\":\"Accueil\",\"item\":\"https:\\\/\\\/vedim.net\\\/en\\\/home\"},{\"@type\":\"ListItem\",\"position\":2,\"name\":\"Contact\"}]},{\"@type\":\"WebSite\",\"@id\":\"https:\\\/\\\/vedim.net\\\/en#website\",\"url\":\"https:\\\/\\\/vedim.net\\\/en\",\"name\":\"VEDIM\",\"description\":\"\",\"publisher\":{\"@id\":\"https:\\\/\\\/vedim.net\\\/en#organization\"},\"potentialAction\":[{\"@type\":\"SearchAction\",\"target\":{\"@type\":\"EntryPoint\",\"urlTemplate\":\"https:\\\/\\\/vedim.net\\\/en?s={search_term_string}\"},\"query-input\":{\"@type\":\"PropertyValueSpecification\",\"valueRequired\":true,\"valueName\":\"search_term_string\"}}],\"inLanguage\":\"en-US\"},{\"@type\":\"Organization\",\"@id\":\"https:\\\/\\\/vedim.net\\\/en#organization\",\"name\":\"VEDIM\",\"url\":\"https:\\\/\\\/vedim.net\\\/en\",\"logo\":{\"@type\":\"ImageObject\",\"inLanguage\":\"en-US\",\"@id\":\"https:\\\/\\\/vedim.net\\\/en#\\\/schema\\\/logo\\\/image\\\/\",\"url\":\"https:\\\/\\\/vedim.net\\\/wp-content\\\/uploads\\\/2026\\\/03\\\/cropped-Logo-principal-1.png\",\"contentUrl\":\"https:\\\/\\\/vedim.net\\\/wp-content\\\/uploads\\\/2026\\\/03\\\/cropped-Logo-principal-1.png\",\"width\":1760,\"height\":633,\"caption\":\"VEDIM\"},\"image\":{\"@id\":\"https:\\\/\\\/vedim.net\\\/en#\\\/schema\\\/logo\\\/image\\\/\"}}]}<\/script>\n<!-- \/ Yoast SEO plugin. -->","yoast_head_json":{"title":"Contact VEDIM - International Veterinary Teleradiology","description":"Contact VEDIM for veterinary teleradiology services. Fast, reliable expertise in X-rays, scans... for veterinarians.","robots":{"index":"index","follow":"follow","max-snippet":"max-snippet:-1","max-image-preview":"max-image-preview:large","max-video-preview":"max-video-preview:-1"},"canonical":"https:\/\/vedim.net\/en\/contact","og_locale":"en_US","og_type":"article","og_title":"Contact VEDIM - International Veterinary Teleradiology","og_description":"Contact VEDIM for veterinary teleradiology services. Fast, reliable expertise in X-rays, scans... for veterinarians.","og_url":"https:\/\/vedim.net\/en\/contact","og_site_name":"VEDIM","article_modified_time":"2026-03-25T15:24:59+00:00","og_image":[{"width":870,"height":1546,"url":"https:\/\/vedim.net\/wp-content\/uploads\/2024\/10\/1707240895899.jpeg","type":"image\/jpeg"}],"twitter_card":"summary_large_image","schema":{"@context":"https:\/\/schema.org","@graph":[{"@type":"WebPage","@id":"https:\/\/vedim.net\/en\/contact","url":"https:\/\/vedim.net\/en\/contact","name":"Contact VEDIM - International Veterinary Teleradiology","isPartOf":{"@id":"https:\/\/vedim.net\/en#website"},"primaryImageOfPage":{"@id":"https:\/\/vedim.net\/en\/contact#primaryimage"},"image":{"@id":"https:\/\/vedim.net\/en\/contact#primaryimage"},"thumbnailUrl":"https:\/\/vedim.net\/wp-content\/uploads\/2024\/10\/1707240895899.jpeg","datePublished":"2024-10-24T11:03:37+00:00","dateModified":"2026-03-25T15:24:59+00:00","description":"Contact VEDIM for veterinary teleradiology services. Fast, reliable expertise in X-rays, scans... for veterinarians.","breadcrumb":{"@id":"https:\/\/vedim.net\/en\/contact#breadcrumb"},"inLanguage":"en-US","potentialAction":[{"@type":"ReadAction","target":["https:\/\/vedim.net\/en\/contact"]}]},{"@type":"ImageObject","inLanguage":"en-US","@id":"https:\/\/vedim.net\/en\/contact#primaryimage","url":"https:\/\/vedim.net\/wp-content\/uploads\/2024\/10\/1707240895899.jpeg","contentUrl":"https:\/\/vedim.net\/wp-content\/uploads\/2024\/10\/1707240895899.jpeg","width":870,"height":1546,"caption":"L'\u00e9quipe VEDIM - t\u00e9l\u00e9radiologie v\u00e9t\u00e9rinaire"},{"@type":"BreadcrumbList","@id":"https:\/\/vedim.net\/en\/contact#breadcrumb","itemListElement":[{"@type":"ListItem","position":1,"name":"Accueil","item":"https:\/\/vedim.net\/en\/home"},{"@type":"ListItem","position":2,"name":"Contact"}]},{"@type":"WebSite","@id":"https:\/\/vedim.net\/en#website","url":"https:\/\/vedim.net\/en","name":"VEDIM","description":"","publisher":{"@id":"https:\/\/vedim.net\/en#organization"},"potentialAction":[{"@type":"SearchAction","target":{"@type":"EntryPoint","urlTemplate":"https:\/\/vedim.net\/en?s={search_term_string}"},"query-input":{"@type":"PropertyValueSpecification","valueRequired":true,"valueName":"search_term_string"}}],"inLanguage":"en-US"},{"@type":"Organization","@id":"https:\/\/vedim.net\/en#organization","name":"VEDIM","url":"https:\/\/vedim.net\/en","logo":{"@type":"ImageObject","inLanguage":"en-US","@id":"https:\/\/vedim.net\/en#\/schema\/logo\/image\/","url":"https:\/\/vedim.net\/wp-content\/uploads\/2026\/03\/cropped-Logo-principal-1.png","contentUrl":"https:\/\/vedim.net\/wp-content\/uploads\/2026\/03\/cropped-Logo-principal-1.png","width":1760,"height":633,"caption":"VEDIM"},"image":{"@id":"https:\/\/vedim.net\/en#\/schema\/logo\/image\/"}}]}},"_links":{"self":[{"href":"https:\/\/vedim.net\/en\/wp-json\/wp\/v2\/pages\/1188","targetHints":{"allow":["GET"]}}],"collection":[{"href":"https:\/\/vedim.net\/en\/wp-json\/wp\/v2\/pages"}],"about":[{"href":"https:\/\/vedim.net\/en\/wp-json\/wp\/v2\/types\/page"}],"author":[{"embeddable":true,"href":"https:\/\/vedim.net\/en\/wp-json\/wp\/v2\/users\/1"}],"replies":[{"embeddable":true,"href":"https:\/\/vedim.net\/en\/wp-json\/wp\/v2\/comments?post=1188"}],"version-history":[{"count":0,"href":"https:\/\/vedim.net\/en\/wp-json\/wp\/v2\/pages\/1188\/revisions"}],"wp:featuredmedia":[{"embeddable":true,"href":"https:\/\/vedim.net\/en\/wp-json\/wp\/v2\/media\/1148"}],"wp:attachment":[{"href":"https:\/\/vedim.net\/en\/wp-json\/wp\/v2\/media?parent=1188"}],"curies":[{"name":"wp","href":"https:\/\/api.w.org\/{rel}","templated":true}]}}